{"id":46,"date":"2012-08-04T08:55:13","date_gmt":"2012-08-04T08:55:13","guid":{"rendered":"http:\/\/baulanga.epanchayat.in\/?page_id=46"},"modified":"2012-08-04T08:55:13","modified_gmt":"2012-08-04T08:55:13","slug":"uumuuum","status":"publish","type":"page","link":"https:\/\/baulanga.epanchayat.in\/?page_id=46","title":{"rendered":"\u00f9~\u00fbM\u00fb\u00f9~\u00fbM"},"content":{"rendered":"<p>M\u00e2\u00fbc_\u00f5P\u00fbdZ-aCf\u00fbw M\u00e2\u00fbc_\u00f5P\u00fbdZ<br \/>\nie_\u00f5Pu ^\u00fbc-\tbeZ ^\u00fbdK<br \/>\nM\u00e2\u00fbc-aCf\u00fbw \u00f9M\u00fb_,_\u00eae\u00fa<br \/>\n \u00f9~\u00fbM\u00fb\u00f9~\u00fbM ^\u00b4e-9937203519<\/p>\n","protected":false},"excerpt":{"rendered":"<p>M\u00e2\u00fbc_\u00f5P\u00fbdZ-aCf\u00fbw M\u00e2\u00fbc_\u00f5P\u00fbdZ ie_\u00f5Pu ^\u00fbc- beZ ^\u00fbdK M\u00e2\u00fbc-aCf\u00fbw \u00f9M\u00fb_,_\u00eae\u00fa \u00f9~\u00fbM\u00fb\u00f9~\u00fbM ^\u00b4e-9937203519<\/p>\n","protected":false},"author":1,"featured_media":0,"parent":0,"menu_order":8,"comment_status":"closed","ping_status":"open","template":"","meta":[],"_links":{"self":[{"href":"https:\/\/baulanga.epanchayat.in\/index.php?rest_route=\/wp\/v2\/pages\/46"}],"collection":[{"href":"https:\/\/baulanga.epanchayat.in\/index.php?rest_route=\/wp\/v2\/pages"}],"about":[{"href":"https:\/\/baulanga.epanchayat.in\/index.php?rest_route=\/wp\/v2\/types\/page"}],"author":[{"embeddable":true,"href":"https:\/\/baulanga.epanchayat.in\/index.php?rest_route=\/wp\/v2\/users\/1"}],"replies":[{"embeddable":true,"href":"https:\/\/baulanga.epanchayat.in\/index.php?rest_route=%2Fwp%2Fv2%2Fcomments&post=46"}],"version-history":[{"count":0,"href":"https:\/\/baulanga.epanchayat.in\/index.php?rest_route=\/wp\/v2\/pages\/46\/revisions"}],"wp:attachment":[{"href":"https:\/\/baulanga.epanchayat.in\/index.php?rest_route=%2Fwp%2Fv2%2Fmedia&parent=46"}],"curies":[{"name":"wp","href":"https:\/\/api.w.org\/{rel}","templated":true}]}}