{"id":40,"date":"2012-08-04T08:52:27","date_gmt":"2012-08-04T08:52:27","guid":{"rendered":"http:\/\/baulanga.epanchayat.in\/?page_id=40"},"modified":"2012-08-04T08:52:27","modified_gmt":"2012-08-04T08:52:27","slug":"uezuuiau-iomv","status":"publish","type":"page","link":"https:\/\/baulanga.epanchayat.in\/?page_id=40","title":{"rendered":"\u00f9\u00caz\u00fb\u00f9ia\u00fa i\u00f5MV^"},"content":{"rendered":"<p>M\u00e2\u00fbc _\u00f5P\u00fbdZ\u00f9e K\u00fb~\u00f0\u00fdKe\u00ea[\u00f2a\u00fb \u00f9c\u00fbU \u00f9\u00caz\u00fb\u00f9ia\u00fa i\u00f5MV^ i\u00f5L\u00fd\u00fb<\/p>\n","protected":false},"excerpt":{"rendered":"<p>M\u00e2\u00fbc _\u00f5P\u00fbdZ\u00f9e K\u00fb~\u00f0\u00fdKe\u00ea[\u00f2a\u00fb \u00f9c\u00fbU \u00f9\u00caz\u00fb\u00f9ia\u00fa i\u00f5MV^ i\u00f5L\u00fd\u00fb<\/p>\n","protected":false},"author":1,"featured_media":0,"parent":35,"menu_order":0,"comment_status":"closed","ping_status":"open","template":"","meta":[],"_links":{"self":[{"href":"https:\/\/baulanga.epanchayat.in\/index.php?rest_route=\/wp\/v2\/pages\/40"}],"collection":[{"href":"https:\/\/baulanga.epanchayat.in\/index.php?rest_route=\/wp\/v2\/pages"}],"about":[{"href":"https:\/\/baulanga.epanchayat.in\/index.php?rest_route=\/wp\/v2\/types\/page"}],"author":[{"embeddable":true,"href":"https:\/\/baulanga.epanchayat.in\/index.php?rest_route=\/wp\/v2\/users\/1"}],"replies":[{"embeddable":true,"href":"https:\/\/baulanga.epanchayat.in\/index.php?rest_route=%2Fwp%2Fv2%2Fcomments&post=40"}],"version-history":[{"count":0,"href":"https:\/\/baulanga.epanchayat.in\/index.php?rest_route=\/wp\/v2\/pages\/40\/revisions"}],"up":[{"embeddable":true,"href":"https:\/\/baulanga.epanchayat.in\/index.php?rest_route=\/wp\/v2\/pages\/35"}],"wp:attachment":[{"href":"https:\/\/baulanga.epanchayat.in\/index.php?rest_route=%2Fwp%2Fv2%2Fmedia&parent=40"}],"curies":[{"name":"wp","href":"https:\/\/api.w.org\/{rel}","templated":true}]}}