{"id":38,"date":"2012-08-04T08:51:41","date_gmt":"2012-08-04T08:51:41","guid":{"rendered":"http:\/\/baulanga.epanchayat.in\/?page_id=38"},"modified":"2012-08-04T08:51:41","modified_gmt":"2012-08-04T08:51:41","slug":"uagykzu","status":"publish","type":"page","link":"https:\/\/baulanga.epanchayat.in\/?page_id=38","title":{"rendered":"@\u00fbag\u00fdKZ\u00fb"},"content":{"rendered":"","protected":false},"excerpt":{"rendered":"","protected":false},"author":1,"featured_media":0,"parent":35,"menu_order":0,"comment_status":"closed","ping_status":"open","template":"","meta":[],"_links":{"self":[{"href":"https:\/\/baulanga.epanchayat.in\/index.php?rest_route=\/wp\/v2\/pages\/38"}],"collection":[{"href":"https:\/\/baulanga.epanchayat.in\/index.php?rest_route=\/wp\/v2\/pages"}],"about":[{"href":"https:\/\/baulanga.epanchayat.in\/index.php?rest_route=\/wp\/v2\/types\/page"}],"author":[{"embeddable":true,"href":"https:\/\/baulanga.epanchayat.in\/index.php?rest_route=\/wp\/v2\/users\/1"}],"replies":[{"embeddable":true,"href":"https:\/\/baulanga.epanchayat.in\/index.php?rest_route=%2Fwp%2Fv2%2Fcomments&post=38"}],"version-history":[{"count":0,"href":"https:\/\/baulanga.epanchayat.in\/index.php?rest_route=\/wp\/v2\/pages\/38\/revisions"}],"up":[{"embeddable":true,"href":"https:\/\/baulanga.epanchayat.in\/index.php?rest_route=\/wp\/v2\/pages\/35"}],"wp:attachment":[{"href":"https:\/\/baulanga.epanchayat.in\/index.php?rest_route=%2Fwp%2Fv2%2Fmedia&parent=38"}],"curies":[{"name":"wp","href":"https:\/\/api.w.org\/{rel}","templated":true}]}}