{"id":33,"date":"2012-08-04T08:49:28","date_gmt":"2012-08-04T08:49:28","guid":{"rendered":"http:\/\/baulanga.epanchayat.in\/?page_id=33"},"modified":"2012-08-04T08:49:28","modified_gmt":"2012-08-04T08:49:28","slug":"uuru","status":"publish","type":"page","link":"https:\/\/baulanga.epanchayat.in\/?page_id=33","title":{"rendered":"\u00f9~\u00fbR^\u00fb"},"content":{"rendered":"<p><strong>1-<\/strong>i\u00f5_\u00ec\u2030\u00f0 M\u00e2\u00fbc\u00faY \u00f9e\u00fbRM\u00fbe \u00f9~\u00fbR^\u00fb<br \/>\n<strong>2-<\/strong>Z\u00e2\u00f9d\u00fbg @[\u00f0Kc\u00f2g^ \u00f9~\u00fbR^\u00fb<br \/>\n<strong>3-<\/strong>\u00f9M\u00fb_a\u00a7\u00ea M\u00e2\u00fbc\u00faY \u00f9~\u00fbR^\u00fb<br \/>\n<strong>4-<\/strong>cj\u00fbZ\u00e0\u00fbM\u00fb\u00a7\u00fa R\u00fbZ\u00fad ^\u00f2\u00bd\u00f2Z Kc\u00f0 ^\u00f2~\u00eaq\u00f2 \u00f9~\u00fbR^\u00fb<br \/>\n<strong>5-<\/strong> A\u00a6\u00f2e\u00fb@\u00fba\u00fbi M\u00e9j ^\u00f2c\u00f0\u00fbY \u00f9~\u00fbR^\u00fb<br \/>\n<strong>6-<\/strong>_\u00e2]\u00fb^c\u00aa\u00fa M\u00e2\u00fbc iWK \u00f9~\u00fbR^\u00fb<br \/>\n<strong>7-<\/strong>a\u00fb\u00a1\u00f0K\u00fd,a\u00f2]a\u00fb, a\u00f2Kk\u00fbw I @lc b\u008f\u00fb \u00f9~\u00fbR^\u00fb<br \/>\n<strong>8-<\/strong>c]\u00ea\u00eca\u00fba\u00ea \u00f9_^\u00fei^ I R\u00fbZ\u00fad A\u00a6\u00f2e\u00fbM\u00fb\u00a7\u00fa \u00f9_^\u00fei^ \u00f9~\u00fbR^\u00fb<br \/>\n<strong>9-<\/strong>\u00f9c\u00fb \u00f9_\u00fbLe\u00fa \u00f9~\u00fbR^\u00fb<br \/>\n<strong>10-<\/strong>a\u00f2R\u00ea\u00f9R\u00fd\u00fbZ\u00f2 \u00f9~\u00fbR^\u00fb<br \/>\n<strong>11-<\/strong>M\u00f0\u00f1\u00fb Kf\u00fd\u00fbY ic\u00f2Z\u00f2 \u00f9~\u00fbR^\u00fb<\/p>\n","protected":false},"excerpt":{"rendered":"<p>1-i\u00f5_\u00ec\u2030\u00f0 M\u00e2\u00fbc\u00faY \u00f9e\u00fbRM\u00fbe \u00f9~\u00fbR^\u00fb 2-Z\u00e2\u00f9d\u00fbg @[\u00f0Kc\u00f2g^ \u00f9~\u00fbR^\u00fb 3-\u00f9M\u00fb_a\u00a7\u00ea M\u00e2\u00fbc\u00faY \u00f9~\u00fbR^\u00fb 4-cj\u00fbZ\u00e0\u00fbM\u00fb\u00a7\u00fa R\u00fbZ\u00fad ^\u00f2\u00bd\u00f2Z Kc\u00f0 ^\u00f2~\u00eaq\u00f2 \u00f9~\u00fbR^\u00fb 5- A\u00a6\u00f2e\u00fb@\u00fba\u00fbi M\u00e9j ^\u00f2c\u00f0\u00fbY \u00f9~\u00fbR^\u00fb 6-_\u00e2]\u00fb^c\u00aa\u00fa M\u00e2\u00fbc iWK \u00f9~\u00fbR^\u00fb 7-a\u00fb\u00a1\u00f0K\u00fd,a\u00f2]a\u00fb, a\u00f2Kk\u00fbw I @lc b\u008f\u00fb \u00f9~\u00fbR^\u00fb 8-c]\u00ea\u00eca\u00fba\u00ea \u00f9_^\u00fei^ I R\u00fbZ\u00fad A\u00a6\u00f2e\u00fbM\u00fb\u00a7\u00fa \u00f9_^\u00fei^ \u00f9~\u00fbR^\u00fb 9-\u00f9c\u00fb \u00f9_\u00fbLe\u00fa \u00f9~\u00fbR^\u00fb 10-a\u00f2R\u00ea\u00f9R\u00fd\u00fbZ\u00f2 \u00f9~\u00fbR^\u00fb 11-M\u00f0\u00f1\u00fb Kf\u00fd\u00fbY ic\u00f2Z\u00f2 \u00f9~\u00fbR^\u00fb<\/p>\n","protected":false},"author":1,"featured_media":0,"parent":0,"menu_order":5,"comment_status":"closed","ping_status":"open","template":"","meta":[],"_links":{"self":[{"href":"https:\/\/baulanga.epanchayat.in\/index.php?rest_route=\/wp\/v2\/pages\/33"}],"collection":[{"href":"https:\/\/baulanga.epanchayat.in\/index.php?rest_route=\/wp\/v2\/pages"}],"about":[{"href":"https:\/\/baulanga.epanchayat.in\/index.php?rest_route=\/wp\/v2\/types\/page"}],"author":[{"embeddable":true,"href":"https:\/\/baulanga.epanchayat.in\/index.php?rest_route=\/wp\/v2\/users\/1"}],"replies":[{"embeddable":true,"href":"https:\/\/baulanga.epanchayat.in\/index.php?rest_route=%2Fwp%2Fv2%2Fcomments&post=33"}],"version-history":[{"count":0,"href":"https:\/\/baulanga.epanchayat.in\/index.php?rest_route=\/wp\/v2\/pages\/33\/revisions"}],"wp:attachment":[{"href":"https:\/\/baulanga.epanchayat.in\/index.php?rest_route=%2Fwp%2Fv2%2Fmedia&parent=33"}],"curies":[{"name":"wp","href":"https:\/\/api.w.org\/{rel}","templated":true}]}}