{"id":31,"date":"2012-08-04T08:48:06","date_gmt":"2012-08-04T08:48:06","guid":{"rendered":"http:\/\/baulanga.epanchayat.in\/?page_id=31"},"modified":"2012-08-04T08:48:06","modified_gmt":"2012-08-04T08:48:06","slug":"uiaua_za","status":"publish","type":"page","link":"https:\/\/baulanga.epanchayat.in\/?page_id=31","title":{"rendered":"@\u00fbia\u00fba_Z\u00e2"},"content":{"rendered":"<p>\u00f9P\u00f8K\u00fa<br \/>\n\u00f9a\u00f5P\u00fe<br \/>\n@\u00fbf\u00fec\u00fbe\u00f2<br \/>\n`\u00fd\u00fb^\u00fe<br \/>\naj\u00f2[\u00fbK<br \/>\nK\u00b5\u00ea\u00fdUe\t<\/p>\n","protected":false},"excerpt":{"rendered":"<p>\u00f9P\u00f8K\u00fa \u00f9a\u00f5P\u00fe @\u00fbf\u00fec\u00fbe\u00f2 `\u00fd\u00fb^\u00fe aj\u00f2[\u00fbK K\u00b5\u00ea\u00fdUe<\/p>\n","protected":false},"author":1,"featured_media":0,"parent":25,"menu_order":0,"comment_status":"closed","ping_status":"open","template":"","meta":[],"_links":{"self":[{"href":"https:\/\/baulanga.epanchayat.in\/index.php?rest_route=\/wp\/v2\/pages\/31"}],"collection":[{"href":"https:\/\/baulanga.epanchayat.in\/index.php?rest_route=\/wp\/v2\/pages"}],"about":[{"href":"https:\/\/baulanga.epanchayat.in\/index.php?rest_route=\/wp\/v2\/types\/page"}],"author":[{"embeddable":true,"href":"https:\/\/baulanga.epanchayat.in\/index.php?rest_route=\/wp\/v2\/users\/1"}],"replies":[{"embeddable":true,"href":"https:\/\/baulanga.epanchayat.in\/index.php?rest_route=%2Fwp%2Fv2%2Fcomments&post=31"}],"version-history":[{"count":0,"href":"https:\/\/baulanga.epanchayat.in\/index.php?rest_route=\/wp\/v2\/pages\/31\/revisions"}],"up":[{"embeddable":true,"href":"https:\/\/baulanga.epanchayat.in\/index.php?rest_route=\/wp\/v2\/pages\/25"}],"wp:attachment":[{"href":"https:\/\/baulanga.epanchayat.in\/index.php?rest_route=%2Fwp%2Fv2%2Fmedia&parent=31"}],"curies":[{"name":"wp","href":"https:\/\/api.w.org\/{rel}","templated":true}]}}