{"id":27,"date":"2012-08-04T08:46:17","date_gmt":"2012-08-04T08:46:17","guid":{"rendered":"http:\/\/baulanga.epanchayat.in\/?page_id=27"},"modified":"2012-08-04T08:46:17","modified_gmt":"2012-08-04T08:46:17","slug":"golu-ieaou","status":"publish","type":"page","link":"https:\/\/baulanga.epanchayat.in\/?page_id=27","title":{"rendered":"g\u00f2l\u00fb i\u00eaa\u00f2]\u00fb"},"content":{"rendered":"<p>\u00f9c\u00fbU _\u00e2\u00fb[c\u00f2K a\u00f2\u00fd\u00fbkd i\u00f5L\u00fd\u00fb-<br \/>\n\u00f9c\u00fbU c\u00a4 A\u00f5e\u00fbR\u00fa a\u00f2\u00fd\u00fbkd i\u00f5L\u00fd\u00fb-<br \/>\n\u00f9c\u00fbU Cy a\u00f2\u00fd\u00fbkd i\u00f5L\u00fd\u00fb-<br \/>\n\u00f9c\u00fbU cj\u00fba\u00f2\u00fd\u00fbkd i\u00f5L\u00fd\u00fb<br \/>\n\u00f9c\u00fbU @w^I\u00df\u00fbW\u00fa \u00f9K\u00a6\u00e2-<br \/>\nK\u00b5\u00ea\u00fdUe g\u00f2l\u00fb \u00f9K\u00a6\u00e2<\/p>\n","protected":false},"excerpt":{"rendered":"<p>\u00f9c\u00fbU _\u00e2\u00fb[c\u00f2K a\u00f2\u00fd\u00fbkd i\u00f5L\u00fd\u00fb- \u00f9c\u00fbU c\u00a4 A\u00f5e\u00fbR\u00fa a\u00f2\u00fd\u00fbkd i\u00f5L\u00fd\u00fb- \u00f9c\u00fbU Cy a\u00f2\u00fd\u00fbkd i\u00f5L\u00fd\u00fb- \u00f9c\u00fbU cj\u00fba\u00f2\u00fd\u00fbkd i\u00f5L\u00fd\u00fb \u00f9c\u00fbU @w^I\u00df\u00fbW\u00fa \u00f9K\u00a6\u00e2- K\u00b5\u00ea\u00fdUe g\u00f2l\u00fb \u00f9K\u00a6\u00e2<\/p>\n","protected":false},"author":1,"featured_media":0,"parent":25,"menu_order":0,"comment_status":"closed","ping_status":"open","template":"","meta":[],"_links":{"self":[{"href":"https:\/\/baulanga.epanchayat.in\/index.php?rest_route=\/wp\/v2\/pages\/27"}],"collection":[{"href":"https:\/\/baulanga.epanchayat.in\/index.php?rest_route=\/wp\/v2\/pages"}],"about":[{"href":"https:\/\/baulanga.epanchayat.in\/index.php?rest_route=\/wp\/v2\/types\/page"}],"author":[{"embeddable":true,"href":"https:\/\/baulanga.epanchayat.in\/index.php?rest_route=\/wp\/v2\/users\/1"}],"replies":[{"embeddable":true,"href":"https:\/\/baulanga.epanchayat.in\/index.php?rest_route=%2Fwp%2Fv2%2Fcomments&post=27"}],"version-history":[{"count":0,"href":"https:\/\/baulanga.epanchayat.in\/index.php?rest_route=\/wp\/v2\/pages\/27\/revisions"}],"up":[{"embeddable":true,"href":"https:\/\/baulanga.epanchayat.in\/index.php?rest_route=\/wp\/v2\/pages\/25"}],"wp:attachment":[{"href":"https:\/\/baulanga.epanchayat.in\/index.php?rest_route=%2Fwp%2Fv2%2Fmedia&parent=27"}],"curies":[{"name":"wp","href":"https:\/\/api.w.org\/{rel}","templated":true}]}}