{"id":25,"date":"2012-08-04T08:45:33","date_gmt":"2012-08-04T08:45:33","guid":{"rendered":"http:\/\/baulanga.epanchayat.in\/?page_id=25"},"modified":"2012-08-04T08:45:33","modified_gmt":"2012-08-04T08:45:33","slug":"ieaou-ieuum","status":"publish","type":"page","link":"https:\/\/baulanga.epanchayat.in\/?page_id=25","title":{"rendered":"i\u00eaa\u00f2]\u00fb i\u00ea\u00f9~\u00fbM"},"content":{"rendered":"<p><strong>\u00ca\u00fbi\u00da\u00fd<\/strong><br \/>\n\u00f9c\u00fbU P\u00f2K\u00f2\u203a\u00fbkd i\u00f5L\u00fd\u00fb-<br \/>\n\u00f9c\u00fbU W\u00fbqeu i\u00f5L\u00fd\u00fb-<br \/>\n\u00f9c\u00fbU \u00ca\u00fbi\u00da\u00fdKc\u00f0\u00fau i\u00f5L\u00fd\u00fb-<br \/>\n\u00f9e\u00fbM\u00faKf\u00fd\u00fbY ic\u00f2Z\u00f2 ib\u00fd, ib\u00fd\u00fb-<br \/>\nM\u00fb\u00f1 Kf\u00fd\u00fbY ic\u00f2Z\u00f2 i\u00f5L\u00fd\u00fb-<\/p>\n","protected":false},"excerpt":{"rendered":"<p>\u00ca\u00fbi\u00da\u00fd \u00f9c\u00fbU P\u00f2K\u00f2\u203a\u00fbkd i\u00f5L\u00fd\u00fb- \u00f9c\u00fbU W\u00fbqeu i\u00f5L\u00fd\u00fb- \u00f9c\u00fbU \u00ca\u00fbi\u00da\u00fdKc\u00f0\u00fau i\u00f5L\u00fd\u00fb- \u00f9e\u00fbM\u00faKf\u00fd\u00fbY ic\u00f2Z\u00f2 ib\u00fd, ib\u00fd\u00fb- M\u00fb\u00f1 Kf\u00fd\u00fbY ic\u00f2Z\u00f2 i\u00f5L\u00fd\u00fb-<\/p>\n","protected":false},"author":1,"featured_media":0,"parent":0,"menu_order":4,"comment_status":"closed","ping_status":"open","template":"","meta":[],"_links":{"self":[{"href":"https:\/\/baulanga.epanchayat.in\/index.php?rest_route=\/wp\/v2\/pages\/25"}],"collection":[{"href":"https:\/\/baulanga.epanchayat.in\/index.php?rest_route=\/wp\/v2\/pages"}],"about":[{"href":"https:\/\/baulanga.epanchayat.in\/index.php?rest_route=\/wp\/v2\/types\/page"}],"author":[{"embeddable":true,"href":"https:\/\/baulanga.epanchayat.in\/index.php?rest_route=\/wp\/v2\/users\/1"}],"replies":[{"embeddable":true,"href":"https:\/\/baulanga.epanchayat.in\/index.php?rest_route=%2Fwp%2Fv2%2Fcomments&post=25"}],"version-history":[{"count":0,"href":"https:\/\/baulanga.epanchayat.in\/index.php?rest_route=\/wp\/v2\/pages\/25\/revisions"}],"wp:attachment":[{"href":"https:\/\/baulanga.epanchayat.in\/index.php?rest_route=%2Fwp%2Fv2%2Fmedia&parent=25"}],"curies":[{"name":"wp","href":"https:\/\/api.w.org\/{rel}","templated":true}]}}