{"id":23,"date":"2012-08-04T08:44:40","date_gmt":"2012-08-04T08:44:40","guid":{"rendered":"http:\/\/baulanga.epanchayat.in\/?page_id=23"},"modified":"2012-08-04T08:44:40","modified_gmt":"2012-08-04T08:44:40","slug":"cua-ik","status":"publish","type":"page","link":"https:\/\/baulanga.epanchayat.in\/?page_id=23","title":{"rendered":"c\u00fb^a i\u00b4k"},"content":{"rendered":"<p>\u00f9c\u00fbU R^i\u00f5L\u00fd\u00fb-<br \/>\n\u00f9c\u00fbU _\u00eae\u00eah i\u00f5L\u00fd\u00fb-<br \/>\n\u00f9c\u00fbU cj\u00f2k\u00fb i\u00f5L\u00fd\u00fb-<br \/>\n\u00f9c\u00fbU i]\u00fbeY aM\u00f0 i\u00f5L\u00fd\u00fb-<br \/>\n\u00f9c\u00fbU je\u00f2R^ aM\u00f0 i\u00f5L\u00fd\u00fb-<br \/>\n\u00f9c\u00fbU g\u00f2g\u00ea i\u00f5L\u00fd\u00fb-<br \/>\n\u00f9c\u00fbU \u00f9b\u00fbUe i\u00f5L\u00fd\u00fb-<br \/>\n\u00f9c\u00fbU \u00f2^cR\u00eae\u00fa@\u00fbu i\u00f5L\u00fd\u00fb-<br \/>\n\u00f9c\u00fbU P\u00fbh\u00fau i\u00f5L\u00fd\u00fb-<br \/>\n\u00f9c\u00fbU ieK\u00fbe\u00fa P\u00fbK\u00f2e\u00fa@\u00fbu i\u00f5L\u00fd\u00fb-<br \/>\n\u00f9c\u00fbU \u00f9aieK\u00fbe\u00fa P\u00fbK\u00f2e\u00fa@\u00fbu i\u00f5L\u00fd\u00fb-<br \/>\n\u00f9c\u00fbU \u00ca\u00fbaf\u00b4\u00fau i\u00f5L\u00fd\u00fb-<br \/>\n\u00f9c\u00fbU \u00f9aK\u00fbe\u00fau i\u00f5L\u00fd\u00fb-<br \/>\n\u00f9c\u00fbU b\u00f2K\u00fbe\u00fau i\u00f5L\u00fd\u00fb-\t<\/p>\n","protected":false},"excerpt":{"rendered":"<p>\u00f9c\u00fbU R^i\u00f5L\u00fd\u00fb- \u00f9c\u00fbU _\u00eae\u00eah i\u00f5L\u00fd\u00fb- \u00f9c\u00fbU cj\u00f2k\u00fb i\u00f5L\u00fd\u00fb- \u00f9c\u00fbU i]\u00fbeY aM\u00f0 i\u00f5L\u00fd\u00fb- \u00f9c\u00fbU je\u00f2R^ aM\u00f0 i\u00f5L\u00fd\u00fb- \u00f9c\u00fbU g\u00f2g\u00ea i\u00f5L\u00fd\u00fb- \u00f9c\u00fbU \u00f9b\u00fbUe i\u00f5L\u00fd\u00fb- \u00f9c\u00fbU \u00f2^cR\u00eae\u00fa@\u00fbu i\u00f5L\u00fd\u00fb- \u00f9c\u00fbU P\u00fbh\u00fau i\u00f5L\u00fd\u00fb- \u00f9c\u00fbU ieK\u00fbe\u00fa P\u00fbK\u00f2e\u00fa@\u00fbu i\u00f5L\u00fd\u00fb- \u00f9c\u00fbU \u00f9aieK\u00fbe\u00fa P\u00fbK\u00f2e\u00fa@\u00fbu i\u00f5L\u00fd\u00fb- \u00f9c\u00fbU \u00ca\u00fbaf\u00b4\u00fau i\u00f5L\u00fd\u00fb- \u00f9c\u00fbU \u00f9aK\u00fbe\u00fau i\u00f5L\u00fd\u00fb- \u00f9c\u00fbU b\u00f2K\u00fbe\u00fau i\u00f5L\u00fd\u00fb-<\/p>\n","protected":false},"author":1,"featured_media":0,"parent":19,"menu_order":0,"comment_status":"closed","ping_status":"open","template":"","meta":[],"_links":{"self":[{"href":"https:\/\/baulanga.epanchayat.in\/index.php?rest_route=\/wp\/v2\/pages\/23"}],"collection":[{"href":"https:\/\/baulanga.epanchayat.in\/index.php?rest_route=\/wp\/v2\/pages"}],"about":[{"href":"https:\/\/baulanga.epanchayat.in\/index.php?rest_route=\/wp\/v2\/types\/page"}],"author":[{"embeddable":true,"href":"https:\/\/baulanga.epanchayat.in\/index.php?rest_route=\/wp\/v2\/users\/1"}],"replies":[{"embeddable":true,"href":"https:\/\/baulanga.epanchayat.in\/index.php?rest_route=%2Fwp%2Fv2%2Fcomments&post=23"}],"version-history":[{"count":0,"href":"https:\/\/baulanga.epanchayat.in\/index.php?rest_route=\/wp\/v2\/pages\/23\/revisions"}],"up":[{"embeddable":true,"href":"https:\/\/baulanga.epanchayat.in\/index.php?rest_route=\/wp\/v2\/pages\/19"}],"wp:attachment":[{"href":"https:\/\/baulanga.epanchayat.in\/index.php?rest_route=%2Fwp%2Fv2%2Fmedia&parent=23"}],"curies":[{"name":"wp","href":"https:\/\/api.w.org\/{rel}","templated":true}]}}