{"id":21,"date":"2012-08-04T08:43:52","date_gmt":"2012-08-04T08:43:52","guid":{"rendered":"http:\/\/baulanga.epanchayat.in\/?page_id=21"},"modified":"2012-08-04T08:43:52","modified_gmt":"2012-08-04T08:43:52","slug":"_aukezok-i%c2%b5","status":"publish","type":"page","link":"https:\/\/baulanga.epanchayat.in\/?page_id=21","title":{"rendered":"_\u00e2\u00fbK\u00e9Z\u00f2K i\u00b5"},"content":{"rendered":"<p>\u00f9_\u00fbLe\u00fa<br \/>\n^\u00fa<br \/>\n\u00f9K^\u00fbf<\/p>\n","protected":false},"excerpt":{"rendered":"<p>\u00f9_\u00fbLe\u00fa ^\u00fa \u00f9K^\u00fbf<\/p>\n","protected":false},"author":1,"featured_media":0,"parent":19,"menu_order":0,"comment_status":"closed","ping_status":"open","template":"","meta":[],"_links":{"self":[{"href":"https:\/\/baulanga.epanchayat.in\/index.php?rest_route=\/wp\/v2\/pages\/21"}],"collection":[{"href":"https:\/\/baulanga.epanchayat.in\/index.php?rest_route=\/wp\/v2\/pages"}],"about":[{"href":"https:\/\/baulanga.epanchayat.in\/index.php?rest_route=\/wp\/v2\/types\/page"}],"author":[{"embeddable":true,"href":"https:\/\/baulanga.epanchayat.in\/index.php?rest_route=\/wp\/v2\/users\/1"}],"replies":[{"embeddable":true,"href":"https:\/\/baulanga.epanchayat.in\/index.php?rest_route=%2Fwp%2Fv2%2Fcomments&post=21"}],"version-history":[{"count":0,"href":"https:\/\/baulanga.epanchayat.in\/index.php?rest_route=\/wp\/v2\/pages\/21\/revisions"}],"up":[{"embeddable":true,"href":"https:\/\/baulanga.epanchayat.in\/index.php?rest_route=\/wp\/v2\/pages\/19"}],"wp:attachment":[{"href":"https:\/\/baulanga.epanchayat.in\/index.php?rest_route=%2Fwp%2Fv2%2Fmedia&parent=21"}],"curies":[{"name":"wp","href":"https:\/\/api.w.org\/{rel}","templated":true}]}}