{"id":19,"date":"2012-08-04T08:42:56","date_gmt":"2012-08-04T08:42:56","guid":{"rendered":"http:\/\/baulanga.epanchayat.in\/?page_id=19"},"modified":"2012-08-04T08:42:56","modified_gmt":"2012-08-04T08:42:56","slug":"mauc-iipu","status":"publish","type":"page","link":"https:\/\/baulanga.epanchayat.in\/?page_id=19","title":{"rendered":"M\u00e2\u00fbc i\u00ecP^\u00fb"},"content":{"rendered":"","protected":false},"excerpt":{"rendered":"","protected":false},"author":1,"featured_media":0,"parent":0,"menu_order":3,"comment_status":"closed","ping_status":"open","template":"","meta":[],"_links":{"self":[{"href":"https:\/\/baulanga.epanchayat.in\/index.php?rest_route=\/wp\/v2\/pages\/19"}],"collection":[{"href":"https:\/\/baulanga.epanchayat.in\/index.php?rest_route=\/wp\/v2\/pages"}],"about":[{"href":"https:\/\/baulanga.epanchayat.in\/index.php?rest_route=\/wp\/v2\/types\/page"}],"author":[{"embeddable":true,"href":"https:\/\/baulanga.epanchayat.in\/index.php?rest_route=\/wp\/v2\/users\/1"}],"replies":[{"embeddable":true,"href":"https:\/\/baulanga.epanchayat.in\/index.php?rest_route=%2Fwp%2Fv2%2Fcomments&post=19"}],"version-history":[{"count":0,"href":"https:\/\/baulanga.epanchayat.in\/index.php?rest_route=\/wp\/v2\/pages\/19\/revisions"}],"wp:attachment":[{"href":"https:\/\/baulanga.epanchayat.in\/index.php?rest_route=%2Fwp%2Fv2%2Fmedia&parent=19"}],"curies":[{"name":"wp","href":"https:\/\/api.w.org\/{rel}","templated":true}]}}