{"id":12,"date":"2012-08-04T08:35:31","date_gmt":"2012-08-04T08:35:31","guid":{"rendered":"http:\/\/baulanga.epanchayat.in\/?page_id=12"},"modified":"2016-04-30T07:32:44","modified_gmt":"2016-04-30T07:32:44","slug":"uc-_opudz","status":"publish","type":"page","link":"https:\/\/baulanga.epanchayat.in\/?page_id=12","title":{"rendered":"@\u00fbc _\u00f5P\u00fbdZ"},"content":{"rendered":"<p style=\"text-align: justify;\"><a href=\"\/wp-content\/uploads\/2012\/08\/GP.jpg\"><img loading=\"lazy\" class=\"aligncenter wp-image-15 size-full\" src=\"\/wp-content\/uploads\/2012\/08\/GP.jpg\" alt=\"\" width=\"470\" height=\"326\" srcset=\"https:\/\/baulanga.epanchayat.in\/wp-content\/uploads\/2012\/08\/GP.jpg 470w, https:\/\/baulanga.epanchayat.in\/wp-content\/uploads\/2012\/08\/GP-300x208.jpg 300w\" sizes=\"(max-width: 470px) 100vw, 470px\" \/><\/a><\/p>\n<p style=\"text-align: justify;\">M\u00e2\u00fbc_\u00f5P\u00fbdZ ^\u00fbc-aCf\u00fbw M\u00e2\u00fbc_\u00f5P\u00fbdZ<br \/>\naCf\u00fbw M\u00e2\u00fbc_\u00f5P\u00fbdZe 12 \u00f9M\u00fbU\u00f2 e\u00fbR\u00ca M\u00e2\u00fbc ej\u00f2@Q\u00f2\u00f6 Gj\u00f2 M\u00e2\u00fbc M\u00eaW\u00ff\u00f2K \u00f9jf\u00fb i\u00ea@\u00fbe\u00fb, \u00f9_\u00fb^\u00fb, aYje\u00fb, aCf\u00fbw, i\u00f2V\u00eae\u00fb, b\u00f2@\u00fb\u00f1_W\u00ff\u00fb, ae\u00f2c\u00ea\u0160, \u00f9K\u00fbe\u00ea@\u00fbk, @fY\u00fb, aW\u00ff c\u00fbQce\u00fb, _\u00fb\u00f5PY\u00fb Ga\u00f5 Kecw\u00fb\u00f6<br \/>\naCf\u00fbw M\u00e2\u00fbc_\u00f5P\u00fbdZe \u00f9c\u00fbU I\u00df\u00fbW\u00f0 i\u00f5L\u00fd\u00fb-13<br \/>\na\u00f2._\u00f2.Gf Z\u00fbf\u00f2K\u00fb]\u00fbe\u00fau i\u00f5L\u00fd\u00fb-958<br \/>\nG._\u00f2.Gf Z\u00fbf\u00f2K\u00fb]\u00fbe\u00fau i\u00f5L\u00fd\u00fb-300<\/p>\n","protected":false},"excerpt":{"rendered":"<p>M\u00e2\u00fbc_\u00f5P\u00fbdZ ^\u00fbc-aCf\u00fbw M\u00e2\u00fbc_\u00f5P\u00fbdZ aCf\u00fbw M\u00e2\u00fbc_\u00f5P\u00fbdZe 12 \u00f9M\u00fbU\u00f2 e\u00fbR\u00ca M\u00e2\u00fbc ej\u00f2@Q\u00f2\u00f6 Gj\u00f2 M\u00e2\u00fbc M\u00eaW\u00ff\u00f2K \u00f9jf\u00fb i\u00ea@\u00fbe\u00fb, \u00f9_\u00fb^\u00fb, aYje\u00fb, aCf\u00fbw, i\u00f2V\u00eae\u00fb, b\u00f2@\u00fb\u00f1_W\u00ff\u00fb, ae\u00f2c\u00ea\u0160, \u00f9K\u00fbe\u00ea@\u00fbk, @fY\u00fb, aW\u00ff c\u00fbQce\u00fb, _\u00fb\u00f5PY\u00fb Ga\u00f5 Kecw\u00fb\u00f6 aCf\u00fbw M\u00e2\u00fbc_\u00f5P\u00fbdZe \u00f9c\u00fbU I\u00df\u00fbW\u00f0 i\u00f5L\u00fd\u00fb-13 a\u00f2._\u00f2.Gf Z\u00fbf\u00f2K\u00fb]\u00fbe\u00fau i\u00f5L\u00fd\u00fb-958 G._\u00f2.Gf Z\u00fbf\u00f2K\u00fb]\u00fbe\u00fau i\u00f5L\u00fd\u00fb-300<\/p>\n","protected":false},"author":1,"featured_media":0,"parent":0,"menu_order":1,"comment_status":"closed","ping_status":"open","template":"","meta":[],"_links":{"self":[{"href":"https:\/\/baulanga.epanchayat.in\/index.php?rest_route=\/wp\/v2\/pages\/12"}],"collection":[{"href":"https:\/\/baulanga.epanchayat.in\/index.php?rest_route=\/wp\/v2\/pages"}],"about":[{"href":"https:\/\/baulanga.epanchayat.in\/index.php?rest_route=\/wp\/v2\/types\/page"}],"author":[{"embeddable":true,"href":"https:\/\/baulanga.epanchayat.in\/index.php?rest_route=\/wp\/v2\/users\/1"}],"replies":[{"embeddable":true,"href":"https:\/\/baulanga.epanchayat.in\/index.php?rest_route=%2Fwp%2Fv2%2Fcomments&post=12"}],"version-history":[{"count":2,"href":"https:\/\/baulanga.epanchayat.in\/index.php?rest_route=\/wp\/v2\/pages\/12\/revisions"}],"predecessor-version":[{"id":66,"href":"https:\/\/baulanga.epanchayat.in\/index.php?rest_route=\/wp\/v2\/pages\/12\/revisions\/66"}],"wp:attachment":[{"href":"https:\/\/baulanga.epanchayat.in\/index.php?rest_route=%2Fwp%2Fv2%2Fmedia&parent=12"}],"curies":[{"name":"wp","href":"https:\/\/api.w.org\/{rel}","templated":true}]}}